{"id":604,"date":"2024-01-02T21:16:56","date_gmt":"2024-01-02T20:16:56","guid":{"rendered":"https:\/\/evolupulse.com\/?page_id=604"},"modified":"2025-03-16T12:44:01","modified_gmt":"2025-03-16T11:44:01","slug":"psm-ii-5","status":"publish","type":"page","link":"https:\/\/evolupulse.com\/index.php\/psm-ii-5\/","title":{"rendered":"PSM II"},"content":{"rendered":"\t\t<div data-elementor-type=\"wp-page\" data-elementor-id=\"604\" class=\"elementor elementor-604\">\n\t\t\t\t<div class=\"elementor-element elementor-element-e10ed76 e-flex e-con-boxed e-con e-parent\" data-id=\"e10ed76\" data-element_type=\"container\" data-e-type=\"container\">\n\t\t\t\t\t<div class=\"e-con-inner\">\n\t\t<div class=\"elementor-element elementor-element-4b49945 e-flex e-con-boxed e-con e-child\" data-id=\"4b49945\" data-element_type=\"container\" data-e-type=\"container\">\n\t\t\t\t\t<div class=\"e-con-inner\">\n\t\t\t\t<div class=\"elementor-element elementor-element-af59120 elementor-widget__width-initial elementor-widget elementor-widget-image\" data-id=\"af59120\" data-element_type=\"widget\" data-e-type=\"widget\" data-widget_type=\"image.default\">\n\t\t\t\t\t\t\t\t\t\t\t\t\t\t\t<img decoding=\"async\" width=\"150\" height=\"150\" src=\"https:\/\/evolupulse.com\/wp-content\/uploads\/2023\/12\/PSM-II-4.png\" class=\"attachment-thumbnail size-thumbnail wp-image-158\" alt=\"\" \/>\t\t\t\t\t\t\t\t\t\t\t\t\t\t\t<\/div>\n\t\t\t\t<div class=\"elementor-element elementor-element-fab4843 elementor-widget elementor-widget-text-editor\" data-id=\"fab4843\" data-element_type=\"widget\" data-e-type=\"widget\" data-widget_type=\"text-editor.default\">\n\t\t\t\t\t\t\t\t\t<p>Cette formation de 2 j vous permettra d&rsquo;acqu\u00e9rir toutes les connaissances n\u00e9cessaires \u00e0 l&rsquo;obtention de la certification Professional Scrum Master II de scrum.org<\/p><p>Le passage de la certification (scrum.org) est comprise dans le prix de la formation<\/p>\t\t\t\t\t\t\t\t<\/div>\n\t\t\t\t<div class=\"elementor-element elementor-element-acade7f elementor-tabs-view-horizontal elementor-widget elementor-widget-tabs\" data-id=\"acade7f\" data-element_type=\"widget\" data-e-type=\"widget\" data-widget_type=\"tabs.default\">\n\t\t\t\t\t\t\t<div class=\"elementor-tabs\">\n\t\t\t<div class=\"elementor-tabs-wrapper\" role=\"tablist\" >\n\t\t\t\t\t\t\t\t\t<div id=\"elementor-tab-title-1811\" class=\"elementor-tab-title elementor-tab-desktop-title\" aria-selected=\"true\" data-tab=\"1\" role=\"tab\" tabindex=\"0\" aria-controls=\"elementor-tab-content-1811\" aria-expanded=\"false\">Objectifs<\/div>\n\t\t\t\t\t\t\t\t\t<div id=\"elementor-tab-title-1812\" class=\"elementor-tab-title elementor-tab-desktop-title\" aria-selected=\"false\" data-tab=\"2\" role=\"tab\" tabindex=\"-1\" aria-controls=\"elementor-tab-content-1812\" aria-expanded=\"false\">Pour qui ?<\/div>\n\t\t\t\t\t\t\t\t\t<div id=\"elementor-tab-title-1813\" class=\"elementor-tab-title elementor-tab-desktop-title\" aria-selected=\"false\" data-tab=\"3\" role=\"tab\" tabindex=\"-1\" aria-controls=\"elementor-tab-content-1813\" aria-expanded=\"false\">Pr\u00e9requis<\/div>\n\t\t\t\t\t\t\t\t\t<div id=\"elementor-tab-title-1814\" class=\"elementor-tab-title elementor-tab-desktop-title\" aria-selected=\"false\" data-tab=\"4\" role=\"tab\" tabindex=\"-1\" aria-controls=\"elementor-tab-content-1814\" aria-expanded=\"false\">Tarifs<\/div>\n\t\t\t\t\t\t\t<\/div>\n\t\t\t<div class=\"elementor-tabs-content-wrapper\" role=\"tablist\" aria-orientation=\"vertical\">\n\t\t\t\t\t\t\t\t\t<div class=\"elementor-tab-title elementor-tab-mobile-title\" aria-selected=\"true\" data-tab=\"1\" role=\"tab\" tabindex=\"0\" aria-controls=\"elementor-tab-content-1811\" aria-expanded=\"false\">Objectifs<\/div>\n\t\t\t\t\t<div id=\"elementor-tab-content-1811\" class=\"elementor-tab-content elementor-clearfix\" data-tab=\"1\" role=\"tabpanel\" aria-labelledby=\"elementor-tab-title-1811\" tabindex=\"0\" hidden=\"false\"><ul><li><span style=\"color: var(--sydney-text-color); letter-spacing: 0px;\">Obtention de la certification PSM II de scrum.org<\/span><\/li><li><span style=\"color: var(--sydney-text-color); letter-spacing: 0px;\">Acqu\u00e9rir tous les fondamentaux de Scrum<\/span><\/li><\/ul><\/div>\n\t\t\t\t\t\t\t\t\t<div class=\"elementor-tab-title elementor-tab-mobile-title\" aria-selected=\"false\" data-tab=\"2\" role=\"tab\" tabindex=\"-1\" aria-controls=\"elementor-tab-content-1812\" aria-expanded=\"false\">Pour qui ?<\/div>\n\t\t\t\t\t<div id=\"elementor-tab-content-1812\" class=\"elementor-tab-content elementor-clearfix\" data-tab=\"2\" role=\"tabpanel\" aria-labelledby=\"elementor-tab-title-1812\" tabindex=\"0\" hidden=\"hidden\"><ul><li><span style=\"color: var(--sydney-text-color); letter-spacing: 0px;\">Tout collaborateur souhaitant attester d&rsquo;un excellent niveau de connaissance et de maitrise de scrum<\/span><\/li><\/ul><\/div>\n\t\t\t\t\t\t\t\t\t<div class=\"elementor-tab-title elementor-tab-mobile-title\" aria-selected=\"false\" data-tab=\"3\" role=\"tab\" tabindex=\"-1\" aria-controls=\"elementor-tab-content-1813\" aria-expanded=\"false\">Pr\u00e9requis<\/div>\n\t\t\t\t\t<div id=\"elementor-tab-content-1813\" class=\"elementor-tab-content elementor-clearfix\" data-tab=\"3\" role=\"tabpanel\" aria-labelledby=\"elementor-tab-title-1813\" tabindex=\"0\" hidden=\"hidden\"><p>PSM 1<\/p><\/div>\n\t\t\t\t\t\t\t\t\t<div class=\"elementor-tab-title elementor-tab-mobile-title\" aria-selected=\"false\" data-tab=\"4\" role=\"tab\" tabindex=\"-1\" aria-controls=\"elementor-tab-content-1814\" aria-expanded=\"false\">Tarifs<\/div>\n\t\t\t\t\t<div id=\"elementor-tab-content-1814\" class=\"elementor-tab-content elementor-clearfix\" data-tab=\"4\" role=\"tabpanel\" aria-labelledby=\"elementor-tab-title-1814\" tabindex=\"0\" hidden=\"hidden\"><p>1300 euros HT\/personne<\/p><\/div>\n\t\t\t\t\t\t\t<\/div>\n\t\t<\/div>\n\t\t\t\t\t\t<\/div>\n\t\t\t\t\t<\/div>\n\t\t\t\t<\/div>\n\t\t\t\t<div class=\"elementor-element elementor-element-f74f654 elementor-widget elementor-widget-heading\" data-id=\"f74f654\" data-element_type=\"widget\" data-e-type=\"widget\" data-widget_type=\"heading.default\">\n\t\t\t\t\t<h2 class=\"elementor-heading-title elementor-size-default\">Programme<\/h2>\t\t\t\t<\/div>\n\t\t\t\t<div class=\"elementor-element elementor-element-ad131f0 elementor-widget elementor-widget-text-editor\" data-id=\"ad131f0\" data-element_type=\"widget\" data-e-type=\"widget\" data-widget_type=\"text-editor.default\">\n\t\t\t\t\t\t\t\t\t<ul><li><a title=\"Professional Scrum Competency: Understanding and Applying the Scrum Framework\" href=\"https:\/\/www.scrum.org\/professional-scrum-competencies\/understanding-and-applying-scrum-framework\" data-entity-substitution=\"canonical\" data-entity-type=\"node\" data-entity-uuid=\"f3c6c6bd-f6bd-4c99-a21f-1a3a94958407\">Understanding and Applying the Scrum Framework<\/a>:<br \/><ul><li>Empiricism, Scrum Values, Scrum Team, Events, Artifacts, Done<\/li><\/ul><\/li><li><a title=\"Professional Scrum Competency: Developing People and Teams\" href=\"https:\/\/www.scrum.org\/professional-scrum-competencies\/developing-people-and-teams-old\" data-entity-substitution=\"canonical\" data-entity-type=\"node\" data-entity-uuid=\"674d3355-c471-42c1-aea2-f1fa563ff747\">Developing People and Teams<\/a>:<br \/><ul><li>Self-Managing Teams, Facilitation, Leadership Styles, Coaching and Mentoring<\/li><\/ul><\/li><li><a title=\"Professional Scrum Competency: Managing Products with Agility\" href=\"https:\/\/www.scrum.org\/professional-scrum-competencies\/managing-products-with-agility\" data-entity-substitution=\"canonical\" data-entity-type=\"node\" data-entity-uuid=\"7fa4da5f-3036-44fe-9342-b407f4a91e00\">Managing Products with Agility<\/a>:<br \/><ul><li>Product Backlog Management, Stakeholders &amp; Customers<\/li><\/ul><\/li><li><a title=\"Professional Scrum Competency: Developing and Delivering Products Professionally\" href=\"https:\/\/www.scrum.org\/professional-scrum-competencies\/developing-and-delivering-products-professionally\" data-entity-substitution=\"canonical\" data-entity-type=\"node\" data-entity-uuid=\"ce59d227-a229-44a8-9250-5ef90c0d21b8\">Developing and Delivering Products Professionally<\/a>:<br \/><ul><li>Managing Technical Risk<\/li><\/ul><\/li><li><a title=\"Professional Scrum Competency: Evolving the Agile Organization\" href=\"https:\/\/www.scrum.org\/professional-scrum-competencies\/evolving-the-agile-organization\" data-entity-substitution=\"canonical\" data-entity-type=\"node\" data-entity-uuid=\"62cb9c44-04b3-487c-8543-627711f0bb67\">Evolving the Agile Organization<\/a>:<br \/><ul><li>Organizational Design &amp; Culture<\/li><\/ul><\/li><\/ul><p>\u00a0&#8211; R\u00e9alisation de plusieurs cas pratique de la certification afin de vous permettre de vous exercer en condition r\u00e9elle<\/p>\t\t\t\t\t\t\t\t<\/div>\n\t\t\t\t<div class=\"elementor-element elementor-element-ca0c952 elementor-widget elementor-widget-heading\" data-id=\"ca0c952\" data-element_type=\"widget\" data-e-type=\"widget\" data-widget_type=\"heading.default\">\n\t\t\t\t\t<h2 class=\"elementor-heading-title elementor-size-default\">Sessions<\/h2>\t\t\t\t<\/div>\n\t\t\t\t<div class=\"elementor-element elementor-element-dde91d7 elementor-widget elementor-widget-text-editor\" data-id=\"dde91d7\" data-element_type=\"widget\" data-e-type=\"widget\" data-widget_type=\"text-editor.default\">\n\t\t\t\t\t\t\t\t\t<p><strong>En inter<\/strong>\u00a0:\u00a0<a href=\"https:\/\/evolupulse.com\/index.php\/contactez-nous\/\">nous consulter<\/a><\/p><p>Session \u00e0 distance (teams + outils collaboratifs)<\/p><ul><li>24\/25 Avril 25<\/li><li>25\/26 Mai 25<\/li><li>12\/13 Juin 25<\/li><\/ul>\t\t\t\t\t\t\t\t<\/div>\n\t\t\t\t<div class=\"elementor-element elementor-element-99396f1 elementor-widget elementor-widget-heading\" data-id=\"99396f1\" data-element_type=\"widget\" data-e-type=\"widget\" data-widget_type=\"heading.default\">\n\t\t\t\t\t<h2 class=\"elementor-heading-title elementor-size-default\">Dur\u00e9e : 2 j<\/h2>\t\t\t\t<\/div>\n\t\t\t\t\t<\/div>\n\t\t\t\t<\/div>\n\t\t\t\t<\/div>\n\t\t","protected":false},"excerpt":{"rendered":"<p>Cette formation de 2 j vous permettra d&rsquo;acqu\u00e9rir toutes les connaissances n\u00e9cessaires \u00e0 l&rsquo;obtention de la certification Professional Scrum Master II de [&hellip;]<\/p>\n","protected":false},"author":2,"featured_media":0,"parent":0,"menu_order":0,"comment_status":"closed","ping_status":"closed","template":"","meta":{"footnotes":""},"class_list":["post-604","page","type-page","status-publish","hentry"],"_links":{"self":[{"href":"https:\/\/evolupulse.com\/index.php\/wp-json\/wp\/v2\/pages\/604","targetHints":{"allow":["GET"]}}],"collection":[{"href":"https:\/\/evolupulse.com\/index.php\/wp-json\/wp\/v2\/pages"}],"about":[{"href":"https:\/\/evolupulse.com\/index.php\/wp-json\/wp\/v2\/types\/page"}],"author":[{"embeddable":true,"href":"https:\/\/evolupulse.com\/index.php\/wp-json\/wp\/v2\/users\/2"}],"replies":[{"embeddable":true,"href":"https:\/\/evolupulse.com\/index.php\/wp-json\/wp\/v2\/comments?post=604"}],"version-history":[{"count":7,"href":"https:\/\/evolupulse.com\/index.php\/wp-json\/wp\/v2\/pages\/604\/revisions"}],"predecessor-version":[{"id":727,"href":"https:\/\/evolupulse.com\/index.php\/wp-json\/wp\/v2\/pages\/604\/revisions\/727"}],"wp:attachment":[{"href":"https:\/\/evolupulse.com\/index.php\/wp-json\/wp\/v2\/media?parent=604"}],"curies":[{"name":"wp","href":"https:\/\/api.w.org\/{rel}","templated":true}]}}